{"id":1556,"date":"2022-01-26T22:01:55","date_gmt":"2022-01-27T01:01:55","guid":{"rendered":"https:\/\/entorno.pampuri.com.ar\/wp\/?page_id=1556"},"modified":"2025-08-27T09:57:18","modified_gmt":"2025-08-27T12:57:18","slug":"remedial","status":"publish","type":"page","link":"https:\/\/entorno.pampuri.com.ar\/wp\/remedial\/","title":{"rendered":"Curso Remedial"},"content":{"rendered":"\n<div class=\"wp-block-columns has-ast-global-color-4-background-color has-background is-layout-flex wp-container-core-columns-is-layout-28f84493 wp-block-columns-is-layout-flex\">\n<div class=\"wp-block-column is-layout-flow wp-block-column-is-layout-flow\" style=\"flex-basis:55%\">\n<p class=\"has-text-align-center has-medium-font-size\" id=\"esta-destinado-a-quienes-necesitan-aprender-de-forma-rapida-y-efectiva-los-contendidos-fundamentales-para-rendir-el-examen-de-ingreso-en-las-instancias-que-ofrece-la-fcm-a-lo-largo-del-ano\"><strong><strong>Est\u00e1 destinado a qui\u00e9nes necesitan aprender de forma r\u00e1pida y efectiva los contendidos fundamentales para rendir el\/los ex\u00e1menes de ingreso en las instancias que ofrece la FCM a lo largo del a\u00f1o.<\/strong><\/strong><\/p>\n\n\n\n<div style=\"height:36px\" aria-hidden=\"true\" class=\"wp-block-spacer\"><\/div>\n\n\n\n<p><\/p>\n\n\n\n<ul class=\"has-medium-font-size wp-block-list\"><li>Las clases presenciales son de grupos reducidos y son <strong>bimodales<\/strong> (presenciales\/v\u00eda zoom) y representan una mayor cantidad de carga horaria que los cursos regulares para poder completar la planificaci\u00f3n en un plazo menor de tiempo.<\/li><li>Los contenidos son los mismos que se desarrollan en los cursos regulares, organizados en forma precisa para que puedas estudiarlos aprovechando tu tiempo al m\u00e1ximo al igual que las herramientas con las que vas a contar durante el cursado a las cuales podr\u00e1s acceder a trav\u00e9s de nuestro campus virtual, implementado en la la plataforma Moodle.<\/li><\/ul>\n<\/div>\n\n\n\n<div class=\"wp-block-column is-vertically-aligned-center is-layout-flow wp-block-column-is-layout-flow\" style=\"flex-basis:45%\"><div id=\"metaslider-id-1922\" style=\"width: 100%; margin: 0 auto;\" class=\"ml-slider-3-109-0 metaslider metaslider-flex metaslider-1922 ml-slider has-dots-nav has-carousel-mode ms-theme-default\" role=\"region\" aria-label=\"Galeria Remedial\" data-height=\"600\" data-width=\"1400\">\n    <div id=\"metaslider_container_1922\">\n        <div id=\"metaslider_1922\" class=\"flexslider\">\n            <ul class='slides'>\n                <li style=\"display: none; width: 100%;\" class=\"slide-1923 ms-image \" aria-roledescription=\"slide\" data-date=\"2022-02-07 19:19:00\" data-filename=\"IMG_4837-1-scaled-1400x600.jpg\" data-slide-type=\"image\"><img loading=\"lazy\" decoding=\"async\" src=\"https:\/\/entorno.pampuri.com.ar\/wp\/wp-content\/uploads\/2022\/02\/IMG_4837-1-scaled-1400x600.jpg\" height=\"600\" width=\"1400\" alt=\"\" class=\"slider-1922 slide-1923 msDefaultImage\" title=\"IMG_4837\" \/><\/li>\n                <li style=\"display: none; width: 100%;\" class=\"slide-1928 ms-image \" aria-roledescription=\"slide\" data-date=\"2022-02-07 19:19:01\" data-filename=\"IMG_4631-2-scaled-1400x600.jpg\" data-slide-type=\"image\"><img loading=\"lazy\" decoding=\"async\" src=\"https:\/\/entorno.pampuri.com.ar\/wp\/wp-content\/uploads\/2022\/02\/IMG_4631-2-scaled-1400x600.jpg\" height=\"600\" width=\"1400\" alt=\"\" class=\"slider-1922 slide-1928 msDefaultImage\" title=\"IMG_4631\" \/><\/li>\n                <li style=\"display: none; width: 100%;\" class=\"slide-1927 ms-image \" aria-roledescription=\"slide\" data-date=\"2022-02-07 19:19:01\" data-filename=\"IMG_0137-1-scaled-1400x600.jpg\" data-slide-type=\"image\"><img loading=\"lazy\" decoding=\"async\" src=\"https:\/\/entorno.pampuri.com.ar\/wp\/wp-content\/uploads\/2022\/02\/IMG_0137-1-scaled-1400x600.jpg\" height=\"600\" width=\"1400\" alt=\"\" class=\"slider-1922 slide-1927 msDefaultImage\" title=\"IMG_0137\" \/><\/li>\n                <li style=\"display: none; width: 100%;\" class=\"slide-1926 ms-image \" aria-roledescription=\"slide\" data-date=\"2022-02-07 19:19:00\" data-filename=\"IMG_4827-1-scaled-1400x600.jpg\" data-slide-type=\"image\"><img loading=\"lazy\" decoding=\"async\" src=\"https:\/\/entorno.pampuri.com.ar\/wp\/wp-content\/uploads\/2022\/02\/IMG_4827-1-scaled-1400x600.jpg\" height=\"600\" width=\"1400\" alt=\"\" class=\"slider-1922 slide-1926 msDefaultImage\" title=\"IMG_4827\" \/><\/li>\n                <li style=\"display: none; width: 100%;\" class=\"slide-1924 ms-image \" aria-roledescription=\"slide\" data-date=\"2022-02-07 19:19:00\" data-filename=\"IMG_4808-1-scaled-1400x600.jpg\" data-slide-type=\"image\"><img loading=\"lazy\" decoding=\"async\" src=\"https:\/\/entorno.pampuri.com.ar\/wp\/wp-content\/uploads\/2022\/02\/IMG_4808-1-scaled-1400x600.jpg\" height=\"600\" width=\"1400\" alt=\"\" class=\"slider-1922 slide-1924 msDefaultImage\" title=\"IMG_4808\" \/><\/li>\n                <li style=\"display: none; width: 100%;\" class=\"slide-1925 ms-image \" aria-roledescription=\"slide\" data-date=\"2022-02-07 19:19:00\" data-filename=\"IMG_4841-1-scaled-1400x600.jpg\" data-slide-type=\"image\"><img loading=\"lazy\" decoding=\"async\" src=\"https:\/\/entorno.pampuri.com.ar\/wp\/wp-content\/uploads\/2022\/02\/IMG_4841-1-scaled-1400x600.jpg\" height=\"600\" width=\"1400\" alt=\"\" class=\"slider-1922 slide-1925 msDefaultImage\" title=\"IMG_4841\" \/><\/li>\n            <\/ul>\n        <\/div>\n        \n    <\/div>\n<\/div>\n<\/div>\n<\/div>\n\n\n\n<div class=\"inherit-container-width wp-block-group has-ast-global-color-4-background-color has-background is-layout-constrained wp-block-group-is-layout-constrained\"><div class=\"wp-block-group__inner-container\">\n<div class=\"wp-block-columns is-layout-flex wp-container-core-columns-is-layout-28f84493 wp-block-columns-is-layout-flex\">\n<div class=\"wp-block-column is-layout-flow wp-block-column-is-layout-flow\" style=\"flex-basis:100%\">\n<figure class=\"wp-block-image size-large\"><img loading=\"lazy\" decoding=\"async\" width=\"1024\" height=\"653\" src=\"https:\/\/entorno.pampuri.com.ar\/wp\/wp-content\/uploads\/2023\/09\/foto-9-power-1-1024x653.png\" alt=\"\" class=\"wp-image-2176\" srcset=\"https:\/\/entorno.pampuri.com.ar\/wp\/wp-content\/uploads\/2023\/09\/foto-9-power-1-1024x653.png 1024w, https:\/\/entorno.pampuri.com.ar\/wp\/wp-content\/uploads\/2023\/09\/foto-9-power-1-300x191.png 300w, https:\/\/entorno.pampuri.com.ar\/wp\/wp-content\/uploads\/2023\/09\/foto-9-power-1-768x490.png 768w, https:\/\/entorno.pampuri.com.ar\/wp\/wp-content\/uploads\/2023\/09\/foto-9-power-1-1536x979.png 1536w, https:\/\/entorno.pampuri.com.ar\/wp\/wp-content\/uploads\/2023\/09\/foto-9-power-1-2048x1305.png 2048w\" sizes=\"auto, (max-width: 1024px) 100vw, 1024px\" \/><\/figure>\n<\/div>\n<\/div>\n<\/div><\/div>\n","protected":false},"excerpt":{"rendered":"<p>Est\u00e1 destinado a qui\u00e9nes necesitan aprender de forma r\u00e1pida y efectiva los contendidos fundamentales para rendir el\/los ex\u00e1menes de ingreso en las instancias que ofrece la FCM a lo largo del a\u00f1o. Las clases presenciales son de grupos reducidos y son bimodales (presenciales\/v\u00eda zoom) y representan una mayor cantidad de carga horaria que los cursos [&hellip;]<\/p>\n","protected":false},"author":1,"featured_media":0,"parent":0,"menu_order":0,"comment_status":"closed","ping_status":"closed","template":"","meta":{"_uag_custom_page_level_css":"","site-sidebar-layout":"default","site-content-layout":"","ast-site-content-layout":"default","site-content-style":"default","site-sidebar-style":"default","ast-global-header-display":"","ast-banner-title-visibility":"","ast-main-header-display":"","ast-hfb-above-header-display":"","ast-hfb-below-header-display":"","ast-hfb-mobile-header-display":"","site-post-title":"","ast-breadcrumbs-content":"","ast-featured-img":"","footer-sml-layout":"","theme-transparent-header-meta":"","adv-header-id-meta":"","stick-header-meta":"","header-above-stick-meta":"","header-main-stick-meta":"","header-below-stick-meta":"","astra-migrate-meta-layouts":"set","ast-page-background-enabled":"default","ast-page-background-meta":{"desktop":{"background-color":"var(--ast-global-color-4)","background-image":"","background-repeat":"repeat","background-position":"center center","background-size":"auto","background-attachment":"scroll","background-type":"","background-media":"","overlay-type":"","overlay-color":"","overlay-opacity":"","overlay-gradient":""},"tablet":{"background-color":"","background-image":"","background-repeat":"repeat","background-position":"center center","background-size":"auto","background-attachment":"scroll","background-type":"","background-media":"","overlay-type":"","overlay-color":"","overlay-opacity":"","overlay-gradient":""},"mobile":{"background-color":"","background-image":"","background-repeat":"repeat","background-position":"center center","background-size":"auto","background-attachment":"scroll","background-type":"","background-media":"","overlay-type":"","overlay-color":"","overlay-opacity":"","overlay-gradient":""}},"ast-content-background-meta":{"desktop":{"background-color":"var(--ast-global-color-5)","background-image":"","background-repeat":"repeat","background-position":"center center","background-size":"auto","background-attachment":"scroll","background-type":"","background-media":"","overlay-type":"","overlay-color":"","overlay-opacity":"","overlay-gradient":""},"tablet":{"background-color":"var(--ast-global-color-5)","background-image":"","background-repeat":"repeat","background-position":"center center","background-size":"auto","background-attachment":"scroll","background-type":"","background-media":"","overlay-type":"","overlay-color":"","overlay-opacity":"","overlay-gradient":""},"mobile":{"background-color":"var(--ast-global-color-5)","background-image":"","background-repeat":"repeat","background-position":"center center","background-size":"auto","background-attachment":"scroll","background-type":"","background-media":"","overlay-type":"","overlay-color":"","overlay-opacity":"","overlay-gradient":""}},"footnotes":""},"class_list":["post-1556","page","type-page","status-publish","hentry"],"yoast_head":"<!-- This site is optimized with the Yoast SEO Premium plugin v25.8 (Yoast SEO v27.5) - https:\/\/yoast.com\/product\/yoast-seo-premium-wordpress\/ -->\n<title>Curso Remedial - Dr. Pampuri Preparatoria<\/title>\n<meta name=\"description\" content=\"Curso Remedial intensivo para el Ingreso a la carrera de Medicina en Universidad Nacional del Litoral. Santa Fe.\" \/>\n<meta name=\"robots\" content=\"index, follow, max-snippet:-1, max-image-preview:large, max-video-preview:-1\" \/>\n<link rel=\"canonical\" href=\"https:\/\/entorno.pampuri.com.ar\/wp\/remedial\/\" \/>\n<meta property=\"og:locale\" content=\"es_ES\" \/>\n<meta property=\"og:type\" content=\"article\" \/>\n<meta property=\"og:title\" content=\"Curso Remedial\" \/>\n<meta property=\"og:description\" content=\"Curso Remedial intensivo para el Ingreso a la carrera de Medicina en Universidad Nacional del Litoral. Santa Fe.\" \/>\n<meta property=\"og:url\" content=\"https:\/\/entorno.pampuri.com.ar\/wp\/remedial\/\" \/>\n<meta property=\"og:site_name\" content=\"Dr. Pampuri Preparatoria\" \/>\n<meta property=\"article:publisher\" content=\"https:\/\/www.facebook.com\/dr.pampuri\" \/>\n<meta property=\"article:modified_time\" content=\"2025-08-27T12:57:18+00:00\" \/>\n<meta name=\"twitter:card\" content=\"summary_large_image\" \/>\n<meta name=\"twitter:site\" content=\"@drpampuri\" \/>\n<meta name=\"twitter:label1\" content=\"Tiempo de lectura\" \/>\n\t<meta name=\"twitter:data1\" content=\"2 minutos\" \/>\n<script type=\"application\/ld+json\" class=\"yoast-schema-graph\">{\"@context\":\"https:\\\/\\\/schema.org\",\"@graph\":[{\"@type\":\"WebPage\",\"@id\":\"https:\\\/\\\/entorno.pampuri.com.ar\\\/wp\\\/remedial\\\/\",\"url\":\"https:\\\/\\\/entorno.pampuri.com.ar\\\/wp\\\/remedial\\\/\",\"name\":\"Curso Remedial - Dr. Pampuri Preparatoria\",\"isPartOf\":{\"@id\":\"https:\\\/\\\/entorno.pampuri.com.ar\\\/wp\\\/#website\"},\"datePublished\":\"2022-01-27T01:01:55+00:00\",\"dateModified\":\"2025-08-27T12:57:18+00:00\",\"description\":\"Curso Remedial intensivo para el Ingreso a la carrera de Medicina en Universidad Nacional del Litoral. Santa Fe.\",\"breadcrumb\":{\"@id\":\"https:\\\/\\\/entorno.pampuri.com.ar\\\/wp\\\/remedial\\\/#breadcrumb\"},\"inLanguage\":\"es-AR\",\"potentialAction\":[{\"@type\":\"ReadAction\",\"target\":[\"https:\\\/\\\/entorno.pampuri.com.ar\\\/wp\\\/remedial\\\/\"]}]},{\"@type\":\"BreadcrumbList\",\"@id\":\"https:\\\/\\\/entorno.pampuri.com.ar\\\/wp\\\/remedial\\\/#breadcrumb\",\"itemListElement\":[{\"@type\":\"ListItem\",\"position\":1,\"name\":\"Inicio\",\"item\":\"https:\\\/\\\/entorno.pampuri.com.ar\\\/wp\\\/\"},{\"@type\":\"ListItem\",\"position\":2,\"name\":\"Curso Remedial\"}]},{\"@type\":\"WebSite\",\"@id\":\"https:\\\/\\\/entorno.pampuri.com.ar\\\/wp\\\/#website\",\"url\":\"https:\\\/\\\/entorno.pampuri.com.ar\\\/wp\\\/\",\"name\":\"Dr. Pampuri Preparatoria\",\"description\":\"Preparaci\u00f3n para el Ingreso a Medicina en Santa Fe. Argentina\",\"publisher\":{\"@id\":\"https:\\\/\\\/entorno.pampuri.com.ar\\\/wp\\\/#organization\"},\"alternateName\":\"Medicina\",\"potentialAction\":[{\"@type\":\"SearchAction\",\"target\":{\"@type\":\"EntryPoint\",\"urlTemplate\":\"https:\\\/\\\/entorno.pampuri.com.ar\\\/wp\\\/?s={search_term_string}\"},\"query-input\":{\"@type\":\"PropertyValueSpecification\",\"valueRequired\":true,\"valueName\":\"search_term_string\"}}],\"inLanguage\":\"es-AR\"},{\"@type\":\"Organization\",\"@id\":\"https:\\\/\\\/entorno.pampuri.com.ar\\\/wp\\\/#organization\",\"name\":\"Dr. Pampuri Preparatoria\",\"url\":\"https:\\\/\\\/entorno.pampuri.com.ar\\\/wp\\\/\",\"logo\":{\"@type\":\"ImageObject\",\"inLanguage\":\"es-AR\",\"@id\":\"https:\\\/\\\/entorno.pampuri.com.ar\\\/wp\\\/#\\\/schema\\\/logo\\\/image\\\/\",\"url\":\"https:\\\/\\\/entorno.pampuri.com.ar\\\/wp\\\/wp-content\\\/uploads\\\/2022\\\/01\\\/cropped-logo-dr-pampuri-scaled-3.jpg\",\"contentUrl\":\"https:\\\/\\\/entorno.pampuri.com.ar\\\/wp\\\/wp-content\\\/uploads\\\/2022\\\/01\\\/cropped-logo-dr-pampuri-scaled-3.jpg\",\"width\":2013,\"height\":535,\"caption\":\"Dr. Pampuri Preparatoria\"},\"image\":{\"@id\":\"https:\\\/\\\/entorno.pampuri.com.ar\\\/wp\\\/#\\\/schema\\\/logo\\\/image\\\/\"},\"sameAs\":[\"https:\\\/\\\/www.facebook.com\\\/dr.pampuri\",\"https:\\\/\\\/x.com\\\/drpampuri\",\"https:\\\/\\\/www.instagram.com\\\/preparatoria_pampuri\"],\"ownershipFundingInfo\":\"https:\\\/\\\/entorno.pampuri.com.ar\\\/wp\\\/nosotros\\\/\"}]}<\/script>\n<!-- \/ Yoast SEO Premium plugin. -->","yoast_head_json":{"title":"Curso Remedial - Dr. Pampuri Preparatoria","description":"Curso Remedial intensivo para el Ingreso a la carrera de Medicina en Universidad Nacional del Litoral. Santa Fe.","robots":{"index":"index","follow":"follow","max-snippet":"max-snippet:-1","max-image-preview":"max-image-preview:large","max-video-preview":"max-video-preview:-1"},"canonical":"https:\/\/entorno.pampuri.com.ar\/wp\/remedial\/","og_locale":"es_ES","og_type":"article","og_title":"Curso Remedial","og_description":"Curso Remedial intensivo para el Ingreso a la carrera de Medicina en Universidad Nacional del Litoral. Santa Fe.","og_url":"https:\/\/entorno.pampuri.com.ar\/wp\/remedial\/","og_site_name":"Dr. Pampuri Preparatoria","article_publisher":"https:\/\/www.facebook.com\/dr.pampuri","article_modified_time":"2025-08-27T12:57:18+00:00","twitter_card":"summary_large_image","twitter_site":"@drpampuri","twitter_misc":{"Tiempo de lectura":"2 minutos"},"schema":{"@context":"https:\/\/schema.org","@graph":[{"@type":"WebPage","@id":"https:\/\/entorno.pampuri.com.ar\/wp\/remedial\/","url":"https:\/\/entorno.pampuri.com.ar\/wp\/remedial\/","name":"Curso Remedial - Dr. Pampuri Preparatoria","isPartOf":{"@id":"https:\/\/entorno.pampuri.com.ar\/wp\/#website"},"datePublished":"2022-01-27T01:01:55+00:00","dateModified":"2025-08-27T12:57:18+00:00","description":"Curso Remedial intensivo para el Ingreso a la carrera de Medicina en Universidad Nacional del Litoral. Santa Fe.","breadcrumb":{"@id":"https:\/\/entorno.pampuri.com.ar\/wp\/remedial\/#breadcrumb"},"inLanguage":"es-AR","potentialAction":[{"@type":"ReadAction","target":["https:\/\/entorno.pampuri.com.ar\/wp\/remedial\/"]}]},{"@type":"BreadcrumbList","@id":"https:\/\/entorno.pampuri.com.ar\/wp\/remedial\/#breadcrumb","itemListElement":[{"@type":"ListItem","position":1,"name":"Inicio","item":"https:\/\/entorno.pampuri.com.ar\/wp\/"},{"@type":"ListItem","position":2,"name":"Curso Remedial"}]},{"@type":"WebSite","@id":"https:\/\/entorno.pampuri.com.ar\/wp\/#website","url":"https:\/\/entorno.pampuri.com.ar\/wp\/","name":"Dr. Pampuri Preparatoria","description":"Preparaci\u00f3n para el Ingreso a Medicina en Santa Fe. Argentina","publisher":{"@id":"https:\/\/entorno.pampuri.com.ar\/wp\/#organization"},"alternateName":"Medicina","potentialAction":[{"@type":"SearchAction","target":{"@type":"EntryPoint","urlTemplate":"https:\/\/entorno.pampuri.com.ar\/wp\/?s={search_term_string}"},"query-input":{"@type":"PropertyValueSpecification","valueRequired":true,"valueName":"search_term_string"}}],"inLanguage":"es-AR"},{"@type":"Organization","@id":"https:\/\/entorno.pampuri.com.ar\/wp\/#organization","name":"Dr. Pampuri Preparatoria","url":"https:\/\/entorno.pampuri.com.ar\/wp\/","logo":{"@type":"ImageObject","inLanguage":"es-AR","@id":"https:\/\/entorno.pampuri.com.ar\/wp\/#\/schema\/logo\/image\/","url":"https:\/\/entorno.pampuri.com.ar\/wp\/wp-content\/uploads\/2022\/01\/cropped-logo-dr-pampuri-scaled-3.jpg","contentUrl":"https:\/\/entorno.pampuri.com.ar\/wp\/wp-content\/uploads\/2022\/01\/cropped-logo-dr-pampuri-scaled-3.jpg","width":2013,"height":535,"caption":"Dr. Pampuri Preparatoria"},"image":{"@id":"https:\/\/entorno.pampuri.com.ar\/wp\/#\/schema\/logo\/image\/"},"sameAs":["https:\/\/www.facebook.com\/dr.pampuri","https:\/\/x.com\/drpampuri","https:\/\/www.instagram.com\/preparatoria_pampuri"],"ownershipFundingInfo":"https:\/\/entorno.pampuri.com.ar\/wp\/nosotros\/"}]}},"uagb_featured_image_src":{"full":false,"thumbnail":false,"medium":false,"medium_large":false,"large":false,"1536x1536":false,"2048x2048":false},"uagb_author_info":{"display_name":"adminwp","author_link":"https:\/\/entorno.pampuri.com.ar\/wp\/author\/adminwp\/"},"uagb_comment_info":0,"uagb_excerpt":"Est\u00e1 destinado a qui\u00e9nes necesitan aprender de forma r\u00e1pida y efectiva los contendidos fundamentales para rendir el\/los ex\u00e1menes de ingreso en las instancias que ofrece la FCM a lo largo del a\u00f1o. Las clases presenciales son de grupos reducidos y son bimodales (presenciales\/v\u00eda zoom) y representan una mayor cantidad de carga horaria que los cursos&hellip;","_links":{"self":[{"href":"https:\/\/entorno.pampuri.com.ar\/wp\/wp-json\/wp\/v2\/pages\/1556","targetHints":{"allow":["GET"]}}],"collection":[{"href":"https:\/\/entorno.pampuri.com.ar\/wp\/wp-json\/wp\/v2\/pages"}],"about":[{"href":"https:\/\/entorno.pampuri.com.ar\/wp\/wp-json\/wp\/v2\/types\/page"}],"author":[{"embeddable":true,"href":"https:\/\/entorno.pampuri.com.ar\/wp\/wp-json\/wp\/v2\/users\/1"}],"replies":[{"embeddable":true,"href":"https:\/\/entorno.pampuri.com.ar\/wp\/wp-json\/wp\/v2\/comments?post=1556"}],"version-history":[{"count":19,"href":"https:\/\/entorno.pampuri.com.ar\/wp\/wp-json\/wp\/v2\/pages\/1556\/revisions"}],"predecessor-version":[{"id":2225,"href":"https:\/\/entorno.pampuri.com.ar\/wp\/wp-json\/wp\/v2\/pages\/1556\/revisions\/2225"}],"wp:attachment":[{"href":"https:\/\/entorno.pampuri.com.ar\/wp\/wp-json\/wp\/v2\/media?parent=1556"}],"curies":[{"name":"wp","href":"https:\/\/api.w.org\/{rel}","templated":true}]}}